{"id":981,"date":"2022-11-08T16:17:09","date_gmt":"2022-11-08T16:17:09","guid":{"rendered":"https:\/\/www.quesoselaljibe.es\/?page_id=981"},"modified":"2022-11-08T16:17:09","modified_gmt":"2022-11-08T16:17:09","slug":"aviso-legal","status":"publish","type":"page","link":"https:\/\/www.quesoselaljibe.es\/en\/aviso-legal\/","title":{"rendered":"Aviso legal"},"content":{"rendered":"<p>Queso Artesano Rodeno S.L. NIF B44190106 R\u00f3denas 44310, no puede asumir ninguna responsabilidad derivada del uso incorrecto, inapropiado o il\u00edcito de la informaci\u00f3n aparecida en la p\u00e1gina de Internet&nbsp;<\/p>\n\n\n\n<p>\u200b<\/p>\n\n\n\n<ul><li>La web de Queso Artesano Rodeno S.L. tiene como fin dar a conocer al p\u00fablico general las actividades que realiza y los servicios que presta. Queso Artesano Rodeno S.L. se reserva la facultad de efectuar, en cualquier momento y sin previo aviso, modificaciones de la informaci\u00f3n contenida en su web.<\/li><\/ul>\n\n\n\n<p>\u200b<\/p>\n\n\n\n<ul><li>Con los l\u00edmites establecidos en la ley, Queso Artesano Rodeno S.L. no asume ninguna responsabilidad derivada de la falta de veracidad, integridad, actualizaci\u00f3n y precisi\u00f3n de los datos o informaciones que se contienen en sus p\u00e1ginas de Internet. Los contenidos e informaci\u00f3n no vinculan a Queso Artesano Rodeno S.L. ni constituyen opiniones, consejos o asesoramiento legal de ning\u00fan tipo pues se trata meramente de un servicio ofrecido con car\u00e1cter informativo y divulgativo. La p\u00e1gina de Internet de Queso Artesano Rodeno S.L. puede contener enlaces (links) a otras p\u00e1ginas de terceras partes que Queso Artesano Rodeno S.L. no puede controlar. Por lo tanto, Queso Artesano Rodeno S.L. no puede asumir responsabilidades por el contenido que pueda aparecer en p\u00e1ginas de terceros. Los textos, im\u00e1genes, sonidos, animaciones, software y el resto de contenidos incluidos en este website son propiedad exclusiva de Queso Artesano Rodeno S.L. o sus licenciantes. Cualquier acto de transmisi\u00f3n, distribuci\u00f3n, cesi\u00f3n, reproducci\u00f3n, almacenamiento o comunicaci\u00f3n p\u00fablica total o parcial, debe contar con el consentimiento expreso de Queso Artesano Rodeno S.L..&nbsp;<\/li><\/ul>","protected":false},"excerpt":{"rendered":"<p>Queso Artesano Rodeno S.L. NIF B44190106 R\u00f3denas 44310, no puede asumir ninguna responsabilidad derivada del uso incorrecto, inapropiado o il\u00edcito de la informaci\u00f3n aparecida en la p\u00e1gina de Internet&nbsp; \u200b La web de Queso Artesano Rodeno S.L. tiene como fin dar a conocer al p\u00fablico general las actividades que realiza y los servicios que presta. [&hellip;]<\/p>","protected":false},"author":1,"featured_media":0,"parent":0,"menu_order":0,"comment_status":"closed","ping_status":"closed","template":"","meta":[],"yoast_head":"<!-- This site is optimized with the Yoast SEO plugin v19.9 - https:\/\/yoast.com\/wordpress\/plugins\/seo\/ -->\n<title>Aviso legal - Quesos Aljibe<\/title>\n<meta name=\"robots\" content=\"index, follow, max-snippet:-1, max-image-preview:large, max-video-preview:-1\" \/>\n<link rel=\"canonical\" href=\"https:\/\/www.quesoselaljibe.es\/en\/aviso-legal\/\" \/>\n<meta property=\"og:locale\" content=\"en_GB\" \/>\n<meta property=\"og:type\" content=\"article\" \/>\n<meta property=\"og:title\" content=\"Aviso legal - Quesos Aljibe\" \/>\n<meta property=\"og:description\" content=\"Queso Artesano Rodeno S.L. NIF B44190106 R\u00f3denas 44310, no puede asumir ninguna responsabilidad derivada del uso incorrecto, inapropiado o il\u00edcito de la informaci\u00f3n aparecida en la p\u00e1gina de Internet&nbsp; \u200b La web de Queso Artesano Rodeno S.L. tiene como fin dar a conocer al p\u00fablico general las actividades que realiza y los servicios que presta. [&hellip;]\" \/>\n<meta property=\"og:url\" content=\"https:\/\/www.quesoselaljibe.es\/en\/aviso-legal\/\" \/>\n<meta property=\"og:site_name\" content=\"Quesos Aljibe\" \/>\n<meta name=\"twitter:card\" content=\"summary_large_image\" \/>\n<meta name=\"twitter:label1\" content=\"Estimated reading time\" \/>\n\t<meta name=\"twitter:data1\" content=\"2 minutes\" \/>\n<script type=\"application\/ld+json\" class=\"yoast-schema-graph\">{\"@context\":\"https:\/\/schema.org\",\"@graph\":[{\"@type\":\"WebPage\",\"@id\":\"https:\/\/www.quesoselaljibe.es\/aviso-legal\/\",\"url\":\"https:\/\/www.quesoselaljibe.es\/aviso-legal\/\",\"name\":\"Aviso legal - Quesos Aljibe\",\"isPartOf\":{\"@id\":\"https:\/\/www.quesoselaljibe.es\/#website\"},\"datePublished\":\"2022-11-08T16:17:09+00:00\",\"dateModified\":\"2022-11-08T16:17:09+00:00\",\"breadcrumb\":{\"@id\":\"https:\/\/www.quesoselaljibe.es\/aviso-legal\/#breadcrumb\"},\"inLanguage\":\"en-GB\",\"potentialAction\":[{\"@type\":\"ReadAction\",\"target\":[\"https:\/\/www.quesoselaljibe.es\/aviso-legal\/\"]}]},{\"@type\":\"BreadcrumbList\",\"@id\":\"https:\/\/www.quesoselaljibe.es\/aviso-legal\/#breadcrumb\",\"itemListElement\":[{\"@type\":\"ListItem\",\"position\":1,\"name\":\"Portada\",\"item\":\"https:\/\/www.quesoselaljibe.es\/\"},{\"@type\":\"ListItem\",\"position\":2,\"name\":\"Aviso legal\"}]},{\"@type\":\"WebSite\",\"@id\":\"https:\/\/www.quesoselaljibe.es\/#website\",\"url\":\"https:\/\/www.quesoselaljibe.es\/\",\"name\":\"Quesos Aljibe\",\"description\":\"Quesos artesanos en el Rodeno\",\"publisher\":{\"@id\":\"https:\/\/www.quesoselaljibe.es\/#organization\"},\"potentialAction\":[{\"@type\":\"SearchAction\",\"target\":{\"@type\":\"EntryPoint\",\"urlTemplate\":\"https:\/\/www.quesoselaljibe.es\/?s={search_term_string}\"},\"query-input\":\"required name=search_term_string\"}],\"inLanguage\":\"en-GB\"},{\"@type\":\"Organization\",\"@id\":\"https:\/\/www.quesoselaljibe.es\/#organization\",\"name\":\"Quesos Aljibe\",\"url\":\"https:\/\/www.quesoselaljibe.es\/\",\"logo\":{\"@type\":\"ImageObject\",\"inLanguage\":\"en-GB\",\"@id\":\"https:\/\/www.quesoselaljibe.es\/#\/schema\/logo\/image\/\",\"url\":\"https:\/\/www.quesoselaljibe.es\/wp-content\/uploads\/2022\/11\/cropped-web-quesos-el-aljibe-3.png\",\"contentUrl\":\"https:\/\/www.quesoselaljibe.es\/wp-content\/uploads\/2022\/11\/cropped-web-quesos-el-aljibe-3.png\",\"width\":190,\"height\":190,\"caption\":\"Quesos Aljibe\"},\"image\":{\"@id\":\"https:\/\/www.quesoselaljibe.es\/#\/schema\/logo\/image\/\"}}]}<\/script>\n<!-- \/ Yoast SEO plugin. -->","yoast_head_json":{"title":"Aviso legal - Quesos Aljibe","robots":{"index":"index","follow":"follow","max-snippet":"max-snippet:-1","max-image-preview":"max-image-preview:large","max-video-preview":"max-video-preview:-1"},"canonical":"https:\/\/www.quesoselaljibe.es\/en\/aviso-legal\/","og_locale":"en_GB","og_type":"article","og_title":"Aviso legal - Quesos Aljibe","og_description":"Queso Artesano Rodeno S.L. NIF B44190106 R\u00f3denas 44310, no puede asumir ninguna responsabilidad derivada del uso incorrecto, inapropiado o il\u00edcito de la informaci\u00f3n aparecida en la p\u00e1gina de Internet&nbsp; \u200b La web de Queso Artesano Rodeno S.L. tiene como fin dar a conocer al p\u00fablico general las actividades que realiza y los servicios que presta. [&hellip;]","og_url":"https:\/\/www.quesoselaljibe.es\/en\/aviso-legal\/","og_site_name":"Quesos Aljibe","twitter_card":"summary_large_image","twitter_misc":{"Estimated reading time":"2 minutes"},"schema":{"@context":"https:\/\/schema.org","@graph":[{"@type":"WebPage","@id":"https:\/\/www.quesoselaljibe.es\/aviso-legal\/","url":"https:\/\/www.quesoselaljibe.es\/aviso-legal\/","name":"Aviso legal - Quesos Aljibe","isPartOf":{"@id":"https:\/\/www.quesoselaljibe.es\/#website"},"datePublished":"2022-11-08T16:17:09+00:00","dateModified":"2022-11-08T16:17:09+00:00","breadcrumb":{"@id":"https:\/\/www.quesoselaljibe.es\/aviso-legal\/#breadcrumb"},"inLanguage":"en-GB","potentialAction":[{"@type":"ReadAction","target":["https:\/\/www.quesoselaljibe.es\/aviso-legal\/"]}]},{"@type":"BreadcrumbList","@id":"https:\/\/www.quesoselaljibe.es\/aviso-legal\/#breadcrumb","itemListElement":[{"@type":"ListItem","position":1,"name":"Portada","item":"https:\/\/www.quesoselaljibe.es\/"},{"@type":"ListItem","position":2,"name":"Aviso legal"}]},{"@type":"WebSite","@id":"https:\/\/www.quesoselaljibe.es\/#website","url":"https:\/\/www.quesoselaljibe.es\/","name":"Quesos Aljibe","description":"Quesos artesanos en el Rodeno","publisher":{"@id":"https:\/\/www.quesoselaljibe.es\/#organization"},"potentialAction":[{"@type":"SearchAction","target":{"@type":"EntryPoint","urlTemplate":"https:\/\/www.quesoselaljibe.es\/?s={search_term_string}"},"query-input":"required name=search_term_string"}],"inLanguage":"en-GB"},{"@type":"Organization","@id":"https:\/\/www.quesoselaljibe.es\/#organization","name":"Quesos Aljibe","url":"https:\/\/www.quesoselaljibe.es\/","logo":{"@type":"ImageObject","inLanguage":"en-GB","@id":"https:\/\/www.quesoselaljibe.es\/#\/schema\/logo\/image\/","url":"https:\/\/www.quesoselaljibe.es\/wp-content\/uploads\/2022\/11\/cropped-web-quesos-el-aljibe-3.png","contentUrl":"https:\/\/www.quesoselaljibe.es\/wp-content\/uploads\/2022\/11\/cropped-web-quesos-el-aljibe-3.png","width":190,"height":190,"caption":"Quesos Aljibe"},"image":{"@id":"https:\/\/www.quesoselaljibe.es\/#\/schema\/logo\/image\/"}}]}},"_links":{"self":[{"href":"https:\/\/www.quesoselaljibe.es\/en\/wp-json\/wp\/v2\/pages\/981"}],"collection":[{"href":"https:\/\/www.quesoselaljibe.es\/en\/wp-json\/wp\/v2\/pages"}],"about":[{"href":"https:\/\/www.quesoselaljibe.es\/en\/wp-json\/wp\/v2\/types\/page"}],"author":[{"embeddable":true,"href":"https:\/\/www.quesoselaljibe.es\/en\/wp-json\/wp\/v2\/users\/1"}],"replies":[{"embeddable":true,"href":"https:\/\/www.quesoselaljibe.es\/en\/wp-json\/wp\/v2\/comments?post=981"}],"version-history":[{"count":1,"href":"https:\/\/www.quesoselaljibe.es\/en\/wp-json\/wp\/v2\/pages\/981\/revisions"}],"predecessor-version":[{"id":982,"href":"https:\/\/www.quesoselaljibe.es\/en\/wp-json\/wp\/v2\/pages\/981\/revisions\/982"}],"wp:attachment":[{"href":"https:\/\/www.quesoselaljibe.es\/en\/wp-json\/wp\/v2\/media?parent=981"}],"curies":[{"name":"wp","href":"https:\/\/api.w.org\/{rel}","templated":true}]}}